{"id":6622,"date":"2012-10-16T09:52:49","date_gmt":"2012-10-16T09:52:49","guid":{"rendered":"http:\/\/truongan.0fees.net\/?page_id=6622"},"modified":"2012-10-16T09:55:06","modified_gmt":"2012-10-16T09:55:06","slug":"guestbook-2","status":"publish","type":"page","link":"https:\/\/truongan.name\/?page_id=6622","title":{"rendered":"Guestbook"},"content":{"rendered":"<p>Ghi l\u1ea1i c\u1ea3m ngh\u0129 c\u1ee7a b\u1ea1n. <img src=\"http:\/\/truongan.name\/smilies\/yahoo1.gif\" alt=\":)\" class=\"wp-smiley\" style=\"height: 1em; max-height: 1em;\" \/> C\u00f3 \u0111i\u1ec1u g\u00ec c\u1ea7n g\u00f3p \u00fd, hay kh\u00f4ng v\u1eeba l\u00f2ng th\u00ec c\u0169ng c\u1ee9 tho\u1ea3i m\u00e1i.<\/p>\n<p>C\u00e1m \u01a1n. <img src=\"http:\/\/truongan.name\/smilies\/yahoo4.gif\" alt=\":D\" class=\"wp-smiley\" style=\"height: 1em; max-height: 1em;\" \/> <\/p>\n","protected":false},"excerpt":{"rendered":"<p>Ghi l\u1ea1i c\u1ea3m ngh\u0129 c\u1ee7a b\u1ea1n. C\u00f3 \u0111i\u1ec1u g\u00ec c\u1ea7n g\u00f3p \u00fd, hay kh\u00f4ng v\u1eeba l\u00f2ng th\u00ec c\u0169ng c\u1ee9 tho\u1ea3i m\u00e1i. C\u00e1m \u01a1n.<\/p>\n","protected":false},"author":1,"featured_media":0,"parent":6275,"menu_order":0,"comment_status":"open","ping_status":"open","template":"guestbook.php","meta":{"footnotes":""},"class_list":["post-6622","page","type-page","status-publish","hentry"],"_links":{"self":[{"href":"https:\/\/truongan.name\/index.php?rest_route=\/wp\/v2\/pages\/6622","targetHints":{"allow":["GET"]}}],"collection":[{"href":"https:\/\/truongan.name\/index.php?rest_route=\/wp\/v2\/pages"}],"about":[{"href":"https:\/\/truongan.name\/index.php?rest_route=\/wp\/v2\/types\/page"}],"author":[{"embeddable":true,"href":"https:\/\/truongan.name\/index.php?rest_route=\/wp\/v2\/users\/1"}],"replies":[{"embeddable":true,"href":"https:\/\/truongan.name\/index.php?rest_route=%2Fwp%2Fv2%2Fcomments&post=6622"}],"version-history":[{"count":0,"href":"https:\/\/truongan.name\/index.php?rest_route=\/wp\/v2\/pages\/6622\/revisions"}],"up":[{"embeddable":true,"href":"https:\/\/truongan.name\/index.php?rest_route=\/wp\/v2\/pages\/6275"}],"wp:attachment":[{"href":"https:\/\/truongan.name\/index.php?rest_route=%2Fwp%2Fv2%2Fmedia&parent=6622"}],"curies":[{"name":"wp","href":"https:\/\/api.w.org\/{rel}","templated":true}]}}