{"id":567,"date":"2008-10-10T04:34:26","date_gmt":"2008-10-09T21:34:26","guid":{"rendered":"http:\/\/www.moonlight-flower.com\/aster\/?page_id=567"},"modified":"2017-08-24T03:54:15","modified_gmt":"2017-08-23T20:54:15","slug":"vu-t%e1%bb%8bch","status":"publish","type":"page","link":"https:\/\/truongan.name\/?page_id=567","title":{"rendered":"V\u0169 t\u1ecbch"},"content":{"rendered":"<div style=\"float: left; padding: 5px 10px;\" class=\"imgmau\"><a href=\"wp-content\/uploads\/20799796_1512004345544042_8975505035044164008_n.jpg\" rel=\"lightbox[567]\"><img decoding=\"async\" src=\"wp-content\/uploads\/20799796_1512004345544042_8975505035044164008_n.jpg\" alt=\"\" style=\"width: 250px; height: 100%;\" \/><\/a><\/div>\n<div> <center><em>\"S\u1ed1 \u0111\u00e2u c\u00f3 s\u1ed1 l\u1ea1 \u0111\u1eddi<br \/>\nCon vua l\u1ea1i l\u1ea5y hai \u0111\u1eddi ch\u1ed3ng vua\"<\/em><\/center><\/p>\n<p>C\u00f4 c\u00f4ng ch\u00faa c\u1ee7a m\u1ed9t tri\u1ec1u \u0111\u1ea1i \u0111\u00e3 m\u1ea5t gi\u1eefa lo\u1ea1n ly tr\u1edf th\u00e0nh nh\u00e2n v\u1eadt cho c\u00e2u ca truy\u1ec1n k\u1ef3 \u0111i v\u00e0o l\u1ecbch s\u1eed.<\/p>\n<p>L\u00ea Ng\u1ecdc B\u00ecnh, n\u00e0ng c\u00f4ng ch\u00faa m\u00e0 trong m\u1ed9t th\u1eddi gian d\u00e0i th\u00e2n ph\u1eadn \u0111\u00e3 b\u1ecb g\u00e1n cho ng\u01b0\u1eddi ch\u1ecb Ng\u1ecdc H\u00e2n. N\u00e0ng c\u00f4ng ch\u00faa cu\u1ed1i c\u00f9ng c\u1ee7a tri\u1ec1u \u0111\u1ea1i nh\u00e0 L\u00ea, th\u00e2n th\u1ebf v\u00e0 cu\u1ed9c \u0111\u1eddi \u0111\u00e3 bi\u1ebfn m\u1ea5t, \u0111\u00e3 b\u1ecb x\u00f3a b\u1ecf trong s\u1eed s\u00e1ch, v\u00e0 s\u1ef1 l\u1ea7m l\u1eabn v\u1edbi n\u00e0ng \u0111\u01b0\u1ee3c coi l\u00e0 \"s\u1ef1 s\u1ec9 nh\u1ee5c\" cho ng\u01b0\u1eddi ch\u1ecb.<\/p>\n<p>T\u1eeb Ch\u00ednh cung c\u1ee7a vua C\u1ea3nh Th\u1ecbnh Nguy\u1ec5n Quang To\u1ea3n \u0111\u1ebfn \u0110\u1ee9c Phi, m\u1ed9t trong ba cung phi cao nh\u1ea5t c\u1ee7a Gia Long, n\u00e0ng v\u1eeba l\u00e0 t\u1ed9i nh\u00e2n c\u1ee7a lu\u00e2n th\u01b0\u1eddng \u0111\u1ea1o l\u00fd, v\u1eeba l\u00e0 n\u1ea1n nh\u00e2n c\u1ee7a th\u1eddi ly lo\u1ea1n.<\/p>\n<p><strong>Rating:<\/strong> 15+<\/p>\n<p><center><span style-\"width: 90%\"><em>M\u00e0i son b\u00e9n ph\u1ea5n h\u00e2y h\u00e2y<br \/>\n\u0110\u00eam nguy\u1ec7t \u0111\u01b0a xu\u00e2n, m\u1ed9t nguy\u1ec7t hay <\/em><\/span><\/p>\n<p><\/center><\/div>\n<p><em><br \/>\n<\/em><\/p>\n<p><em><br \/>\n<\/em><\/p>\n<p><em><br \/>\n<\/em><\/p>\n<p><a href=\"?p=7118\">Ch\u00fa gi\u1ea3i v\u00e0 s\u1ef1 ki\u1ec7n<\/a><\/p>\n<p><em><br \/>\n<\/em><\/p>\n<p><em><br \/>\n<\/em><\/p>\n<p>N\u1eb1m trong b\u1ed9: <strong>H\u1ed3 D\u01b0\u01a1ng - V\u0169 t\u1ecbch - Thi\u00ean h\u1ea1 chi v\u01b0\u01a1ng - \u0110\u00f4ng bi\u00ean nh\u1eadt xu\u1ea5t.<\/strong><\/p>\n","protected":false},"excerpt":{"rendered":"<p>&#8220;S\u1ed1 \u0111\u00e2u c\u00f3 s\u1ed1 l\u1ea1 \u0111\u1eddi Con vua l\u1ea1i l\u1ea5y hai \u0111\u1eddi ch\u1ed3ng vua&#8221; C\u00f4 c\u00f4ng ch\u00faa c\u1ee7a m\u1ed9t tri\u1ec1u \u0111\u1ea1i \u0111\u00e3 m\u1ea5t gi\u1eefa lo\u1ea1n ly tr\u1edf th\u00e0nh nh\u00e2n v\u1eadt cho c\u00e2u ca truy\u1ec1n k\u1ef3 \u0111i v\u00e0o l\u1ecbch s\u1eed. L\u00ea Ng\u1ecdc B\u00ecnh, n\u00e0ng c\u00f4ng ch\u00faa m\u00e0 trong m\u1ed9t th\u1eddi gian d\u00e0i th\u00e2n ph\u1eadn \u0111\u00e3 b\u1ecb g\u00e1n cho ng\u01b0\u1eddi ch\u1ecb Ng\u1ecdc H\u00e2n. N\u00e0ng c\u00f4ng ch\u00faa cu\u1ed1i c\u00f9ng c\u1ee7a tri\u1ec1u \u0111\u1ea1i nh\u00e0 L\u00ea, th\u00e2n th\u1ebf v\u00e0 cu\u1ed9c \u0111\u1eddi \u0111\u00e3 bi\u1ebfn m\u1ea5t, \u0111\u00e3 b\u1ecb x\u00f3a b\u1ecf trong s\u1eed s\u00e1ch, v\u00e0 s\u1ef1 l\u1ea7m l\u1eabn v\u1edbi n\u00e0ng \u0111\u01b0\u1ee3c coi l\u00e0 &#8220;s\u1ef1 s\u1ec9 nh\u1ee5c&#8221; cho ng\u01b0\u1eddi ch\u1ecb. T\u1eeb Ch\u00ednh cung c\u1ee7a vua C\u1ea3nh Th\u1ecbnh Nguy\u1ec5n Quang To\u1ea3n \u0111\u1ebfn \u0110\u1ee9c Phi, m\u1ed9t trong ba cung phi cao nh\u1ea5t c\u1ee7a Gia Long, n\u00e0ng v\u1eeba l\u00e0 t\u1ed9i nh\u00e2n c\u1ee7a lu\u00e2n th\u01b0\u1eddng \u0111\u1ea1o l\u00fd, v\u1eeba l\u00e0 n\u1ea1n nh\u00e2n c\u1ee7a th\u1eddi ly lo\u1ea1n. Rating: 15+ M\u00e0i son b\u00e9n ph\u1ea5n h\u00e2y h\u00e2y \u0110\u00eam nguy\u1ec7t \u0111\u01b0a xu\u00e2n, m\u1ed9t nguy\u1ec7t hay Ch\u00fa gi\u1ea3i v\u00e0 s\u1ef1 ki\u1ec7n N\u1eb1m trong b\u1ed9: H\u1ed3 D\u01b0\u01a1ng &#8211; V\u0169 t\u1ecbch &#8211; Thi\u00ean h\u1ea1 chi v\u01b0\u01a1ng &#8211; \u0110\u00f4ng bi\u00ean nh\u1eadt xu\u1ea5t.<\/p>\n","protected":false},"author":1,"featured_media":3220,"parent":882,"menu_order":5,"comment_status":"open","ping_status":"open","template":"","meta":{"footnotes":""},"class_list":["post-567","page","type-page","status-publish","has-post-thumbnail","hentry"],"_links":{"self":[{"href":"https:\/\/truongan.name\/index.php?rest_route=\/wp\/v2\/pages\/567","targetHints":{"allow":["GET"]}}],"collection":[{"href":"https:\/\/truongan.name\/index.php?rest_route=\/wp\/v2\/pages"}],"about":[{"href":"https:\/\/truongan.name\/index.php?rest_route=\/wp\/v2\/types\/page"}],"author":[{"embeddable":true,"href":"https:\/\/truongan.name\/index.php?rest_route=\/wp\/v2\/users\/1"}],"replies":[{"embeddable":true,"href":"https:\/\/truongan.name\/index.php?rest_route=%2Fwp%2Fv2%2Fcomments&post=567"}],"version-history":[{"count":0,"href":"https:\/\/truongan.name\/index.php?rest_route=\/wp\/v2\/pages\/567\/revisions"}],"up":[{"embeddable":true,"href":"https:\/\/truongan.name\/index.php?rest_route=\/wp\/v2\/pages\/882"}],"wp:featuredmedia":[{"embeddable":true,"href":"https:\/\/truongan.name\/index.php?rest_route=\/"}],"wp:attachment":[{"href":"https:\/\/truongan.name\/index.php?rest_route=%2Fwp%2Fv2%2Fmedia&parent=567"}],"curies":[{"name":"wp","href":"https:\/\/api.w.org\/{rel}","templated":true}]}}